{"id":2420,"date":"2023-06-07T19:42:18","date_gmt":"2023-06-07T19:42:18","guid":{"rendered":"https:\/\/www.lacasadelmenu.com.mx\/?page_id=2420"},"modified":"2023-06-14T02:25:00","modified_gmt":"2023-06-14T02:25:00","slug":"aqui-puedes-difundir-y-promocionar-tus-productos","status":"publish","type":"page","link":"https:\/\/www.lacasadelmenu.com.mx\/index.php\/aqui-puedes-difundir-y-promocionar-tus-productos\/","title":{"rendered":"AQU\u00cd PUEDES DIFUNDIR Y PROMOCIONAR TUS PRODUCTOS"},"content":{"rendered":"<div data-colibri-id=\"2420-c1\" class=\"style-1288 style-local-2420-c1 position-relative\">\r\n  <!---->\r\n  <div data-colibri-component=\"section\" data-colibri-id=\"2420-c2\" id=\"custom\" class=\"h-section h-section-global-spacing d-flex align-items-lg-center align-items-md-center align-items-center style-1289 style-local-2420-c2 position-relative\">\r\n    <!---->\r\n    <!---->\r\n    <div class=\"h-section-grid-container h-section-boxed-container\">\r\n      <!---->\r\n      <div data-colibri-id=\"2420-c3\" class=\"h-row-container gutters-row-lg-2 gutters-row-md-2 gutters-row-0 gutters-row-v-lg-2 gutters-row-v-md-2 gutters-row-v-2 style-1290 style-local-2420-c3 position-relative\">\r\n        <!---->\r\n        <div class=\"h-row justify-content-lg-center justify-content-md-center justify-content-center align-items-lg-stretch align-items-md-stretch align-items-stretch gutters-col-lg-2 gutters-col-md-2 gutters-col-0 gutters-col-v-lg-2 gutters-col-v-md-2 gutters-col-v-2\">\r\n          <!---->\r\n          <div class=\"h-column h-column-container d-flex h-col-lg-auto h-col-md-auto h-col-auto style-1291-outer style-local-2420-c4-outer\">\r\n            <div data-colibri-id=\"2420-c4\" class=\"d-flex h-flex-basis h-column__inner h-px-lg-2 h-px-md-2 h-px-2 v-inner-lg-2 v-inner-md-2 v-inner-2 style-1291 style-local-2420-c4 position-relative\">\r\n              <!---->\r\n              <!---->\r\n              <div class=\"w-100 h-y-container h-column__content h-column__v-align flex-basis-100 align-self-lg-start align-self-md-start align-self-start\">\r\n                <!---->\r\n                <div data-colibri-id=\"2420-c5\" class=\"h-x-container style-1293 style-local-2420-c5 position-relative h-element\">\r\n                  <!---->\r\n                  <div class=\"h-x-container-inner style-dynamic-2420-c5-group style-1293-spacing style-local-2420-c5-spacing\"><span class=\"h-button__outer style-1294-outer style-local-2420-c6-outer d-inline-flex h-element\"><a h-use-smooth-scroll=\"true\" href=\"https:\/\/api.whatsapp.com\/send?phone=529512431195&amp;text=%C2%A1Hola!%20Es%20momento%20de%20tener%20tu%20propio%20espacio%20para%20tu%20men%C3%BA%20digital.%20Nosotros%20te%20podemos%20ayudar.\"  data-colibri-id=\"2420-c6\" class=\"d-flex w-100 align-items-center h-button justify-content-lg-center justify-content-md-center justify-content-center style-1294 style-local-2420-c6 position-relative\"><!----><!----> <span>Con un bot\u00f3n para hacer pedidos<\/span><\/a>\r\n                    <\/span>\r\n                  <\/div>\r\n                <\/div>\r\n              <\/div>\r\n            <\/div>\r\n          <\/div>\r\n        <\/div>\r\n      <\/div>\r\n    <\/div>\r\n  <\/div>\r\n  <div data-colibri-component=\"section\" data-colibri-id=\"2420-c7\" id=\"custom-2\" class=\"h-section h-section-global-spacing d-flex align-items-lg-center align-items-md-center align-items-center style-1295 style-local-2420-c7 position-relative\">\r\n    <!---->\r\n    <!---->\r\n    <div class=\"h-section-grid-container h-section-boxed-container\">\r\n      <!---->\r\n      <div data-colibri-id=\"2420-c8\" class=\"h-row-container gutters-row-lg-2 gutters-row-md-2 gutters-row-0 gutters-row-v-lg-2 gutters-row-v-md-2 gutters-row-v-2 style-1296 style-local-2420-c8 position-relative\">\r\n        <!---->\r\n        <div class=\"h-row justify-content-lg-center justify-content-md-center justify-content-center align-items-lg-stretch align-items-md-stretch align-items-stretch gutters-col-lg-2 gutters-col-md-2 gutters-col-0 gutters-col-v-lg-2 gutters-col-v-md-2 gutters-col-v-2\">\r\n          <!---->\r\n          <div class=\"h-column h-column-container d-flex h-col-lg-auto h-col-md-auto h-col-auto style-1297-outer style-local-2420-c9-outer\">\r\n            <div data-colibri-id=\"2420-c9\" class=\"d-flex h-flex-basis h-column__inner h-px-lg-2 h-px-md-2 h-px-2 v-inner-lg-2 v-inner-md-2 v-inner-2 style-1297 style-local-2420-c9 position-relative\">\r\n              <!---->\r\n              <!---->\r\n              <div class=\"w-100 h-y-container h-column__content h-column__v-align flex-basis-100 align-self-lg-start align-self-md-start align-self-start\">\r\n                <!---->\r\n                <div data-colibri-id=\"2420-c10\" class=\"h-global-transition-all h-heading style-1298 style-local-2420-c10 position-relative h-element\">\r\n                  <!---->\r\n                  <div class=\"h-heading__outer style-1298 style-local-2420-c10\">\r\n                    <!---->\r\n                    <!---->\r\n                    <h3 class=\"\">Tendr\u00e1s un espacio 100% personalizado\r\n                      <br>para publicar tu men\u00fa digital; con promociones, im\u00e1genes, textos y descripciones.\r\n                      <br>\r\n                    <\/h3>\r\n                  <\/div>\r\n                <\/div>\r\n              <\/div>\r\n            <\/div>\r\n          <\/div>\r\n          <div class=\"h-column h-column-container d-flex h-col-lg-auto h-col-md-auto h-col-auto style-1321-outer style-local-2420-c11-outer\">\r\n            <div data-colibri-id=\"2420-c11\" class=\"d-flex h-flex-basis h-column__inner h-px-lg-2 h-px-md-2 h-px-2 v-inner-lg-2 v-inner-md-2 v-inner-2 style-1321 style-local-2420-c11 position-relative\">\r\n              <!---->\r\n              <!---->\r\n              <div class=\"w-100 h-y-container h-column__content h-column__v-align flex-basis-100 align-self-lg-center align-self-md-center align-self-center\">\r\n                <!---->\r\n                <div data-colibri-id=\"2420-c12\" class=\"h-text h-text-component style-1322 style-local-2420-c12 position-relative h-element\">\r\n                  <!---->\r\n                  <!---->\r\n                  <div class=\"\">\r\n                    <p>En formato PDF interactivo o imagen .jpg<\/p>\r\n                    <p>Ver ejemplos:\r\n                      <br>\r\n                    <\/p>\r\n                  <\/div>\r\n                <\/div>\r\n                <div data-colibri-id=\"2420-c19\" class=\"h-x-container style-1315 style-local-2420-c19 position-relative h-element\">\r\n                  <!---->\r\n                  <div class=\"h-x-container-inner style-dynamic-2420-c19-group style-1315-spacing style-local-2420-c19-spacing\"><span class=\"h-button__outer style-1316-outer style-local-2420-c20-outer d-inline-flex h-element\"><a h-use-smooth-scroll=\"true\" href=\"https:\/\/www.lacasadelmenu.com.mx\/index.php\/menu-hawaiian-2\/\"  data-colibri-id=\"2420-c20\" class=\"d-flex w-100 align-items-center h-button justify-content-lg-center justify-content-md-center justify-content-center style-1316 style-local-2420-c20 position-relative\"><!----><!----> <span>FOMATO DE IMAGEN<\/span><\/a>\r\n                    <\/span>\r\n                  <\/div>\r\n                <\/div>\r\n                <div data-colibri-id=\"2420-c16\" class=\"h-x-container style-1313 style-local-2420-c16 position-relative h-element\">\r\n                  <!---->\r\n                  <div class=\"h-x-container-inner style-dynamic-2420-c16-group style-1313-spacing style-local-2420-c16-spacing\"><span class=\"h-button__outer style-1314-outer style-local-2420-c17-outer d-inline-flex h-element\"><a h-use-smooth-scroll=\"true\" href=\"https:\/\/www.lacasadelmenu.com.mx\/index.php\/taqueria-jefe-de-jefes-2\/\"  data-colibri-id=\"2420-c17\" class=\"d-flex w-100 align-items-center h-button justify-content-lg-center justify-content-md-center justify-content-center style-1314 style-local-2420-c17 position-relative\"><!----><!----> <span>FORMATO PDF interactivo<\/span><\/a>\r\n                    <\/span>\r\n                  <\/div>\r\n                <\/div>\r\n                <div data-colibri-id=\"2420-c30\" class=\"h-text h-text-component style-1327 style-local-2420-c30 position-relative h-element\">\r\n                  <!---->\r\n                  <!---->\r\n                  <div class=\"\">\r\n                    <p>\u00a1T\u00fa decides el formato!\r\n                      <br>\r\n                    <\/p>\r\n                  <\/div>\r\n                <\/div>\r\n              <\/div>\r\n            <\/div>\r\n          <\/div>\r\n        <\/div>\r\n      <\/div>\r\n    <\/div>\r\n  <\/div>\r\n  <div data-colibri-component=\"section\" data-colibri-id=\"2420-c13\" id=\"custom-3\" class=\"h-section h-section-global-spacing d-flex align-items-lg-center align-items-md-center align-items-center style-1309 style-local-2420-c13 position-relative\">\r\n    <!---->\r\n    <!---->\r\n    <div class=\"h-section-grid-container h-section-boxed-container\">\r\n      <!---->\r\n      <div data-colibri-id=\"2420-c26\" class=\"h-row-container gutters-row-lg-2 gutters-row-md-2 gutters-row-0 gutters-row-v-lg-2 gutters-row-v-md-2 gutters-row-v-2 style-1324 style-local-2420-c26 position-relative\">\r\n        <!---->\r\n        <div class=\"h-row justify-content-lg-center justify-content-md-center justify-content-center align-items-lg-stretch align-items-md-stretch align-items-stretch gutters-col-lg-2 gutters-col-md-2 gutters-col-0 gutters-col-v-lg-2 gutters-col-v-md-2 gutters-col-v-2\">\r\n          <!---->\r\n          <div class=\"h-column h-column-container d-flex h-col-lg-auto h-col-md-auto h-col-auto style-1325-outer style-local-2420-c27-outer\">\r\n            <div data-colibri-id=\"2420-c27\" class=\"d-flex h-flex-basis h-column__inner h-px-lg-2 h-px-md-2 h-px-2 v-inner-lg-2 v-inner-md-2 v-inner-2 style-1325 style-local-2420-c27 position-relative\">\r\n              <!---->\r\n              <!---->\r\n              <div class=\"w-100 h-y-container h-column__content h-column__v-align flex-basis-100 align-self-lg-start align-self-md-start align-self-start\">\r\n                <!---->\r\n                <div data-colibri-id=\"2420-c28\" class=\"h-lead h-text h-text-component style-1320 style-local-2420-c28 position-relative h-element\">\r\n                  <!---->\r\n                  <!---->\r\n                  <div class=\"\">\r\n                    <p>Podr\u00e1s agregar toda la informaci\u00f3n de contacto y servicios que gustes publicar.\r\n                      <br>\u00a1Qu\u00e9 esperas!\r\n                      <br>\r\n                    <\/p>\r\n                  <\/div>\r\n                <\/div>\r\n              <\/div>\r\n            <\/div>\r\n          <\/div>\r\n        <\/div>\r\n      <\/div>\r\n      <div data-colibri-id=\"2420-c14\" class=\"h-row-container gutters-row-lg-2 gutters-row-md-2 gutters-row-0 gutters-row-v-lg-2 gutters-row-v-md-2 gutters-row-v-2 style-1310 style-local-2420-c14 position-relative\">\r\n        <!---->\r\n        <div class=\"h-row justify-content-lg-center justify-content-md-center justify-content-center align-items-lg-stretch align-items-md-stretch align-items-stretch gutters-col-lg-2 gutters-col-md-2 gutters-col-0 gutters-col-v-lg-2 gutters-col-v-md-2 gutters-col-v-2\">\r\n          <!---->\r\n          <div class=\"h-column h-column-container d-flex h-col-lg-auto h-col-md-auto h-col-auto style-1311-outer style-local-2420-c15-outer\">\r\n            <div data-colibri-id=\"2420-c15\" class=\"d-flex h-flex-basis h-column__inner h-px-lg-2 h-px-md-2 h-px-2 v-inner-lg-2 v-inner-md-2 v-inner-2 style-1311 style-local-2420-c15 position-relative\">\r\n              <!---->\r\n              <!---->\r\n              <div class=\"w-100 h-y-container h-column__content h-column__v-align flex-basis-100 align-self-lg-start align-self-md-start align-self-start\">\r\n                <!---->\r\n                <div data-colibri-id=\"2420-c25\" class=\"d-block style-1323 style-local-2420-c25 position-relative h-element\">\r\n                  <!---->\r\n                  <div class=\"h-image__frame-container-outer\">\r\n                    <div class=\"h-image__frame-container\">\r\n                      <!---->\r\n                      <!---->\r\n                      <img fetchpriority=\"high\" decoding=\"async\" width=\"1080\" height=\"556\" src=\"http:\/\/www.lacasadelmenu.com.mx\/wp-content\/uploads\/2023\/06\/cropped-la-casa-del-menu-redes-mayo23.jpg\" class=\"wp-image-2507 style-1323-image style-local-2420-c25-image\" alt=\"\" srcset=\"https:\/\/www.lacasadelmenu.com.mx\/wp-content\/uploads\/2023\/06\/cropped-la-casa-del-menu-redes-mayo23.jpg 1080w, https:\/\/www.lacasadelmenu.com.mx\/wp-content\/uploads\/2023\/06\/cropped-la-casa-del-menu-redes-mayo23-300x154.jpg 300w, https:\/\/www.lacasadelmenu.com.mx\/wp-content\/uploads\/2023\/06\/cropped-la-casa-del-menu-redes-mayo23-1024x527.jpg 1024w, https:\/\/www.lacasadelmenu.com.mx\/wp-content\/uploads\/2023\/06\/cropped-la-casa-del-menu-redes-mayo23-768x395.jpg 768w\" sizes=\"(max-width: 1080px) 100vw, 1080px\" \/>\r\n                      <div class=\"h-image__frame h-hide-lg h-hide-md h-hide-sm style-1323-frameImage style-local-2420-c25-frameImage\"><\/div>\r\n                    <\/div>\r\n                  <\/div>\r\n                <\/div>\r\n              <\/div>\r\n            <\/div>\r\n          <\/div>\r\n        <\/div>\r\n      <\/div>\r\n    <\/div>\r\n  <\/div>\r\n<\/div>","protected":false},"excerpt":{"rendered":"<p>Con un bot\u00f3n para hacer pedidos Tendr\u00e1s un espacio 100% personalizado para publicar tu men\u00fa digital; con promociones, im\u00e1genes, textos y descripciones. En formato PDF interactivo o imagen .jpg Ver ejemplos: FOMATO DE IMAGEN FORMATO PDF interactivo \u00a1T\u00fa decides el formato! Podr\u00e1s agregar toda la informaci\u00f3n de contacto y servicios que gustes publicar. \u00a1Qu\u00e9 esperas!<\/p>\n","protected":false},"author":1,"featured_media":0,"parent":0,"menu_order":0,"comment_status":"closed","ping_status":"closed","template":"page-templates\/full-width-page.php","meta":{"footnotes":""},"class_list":["post-2420","page","type-page","status-publish","hentry"],"_links":{"self":[{"href":"https:\/\/www.lacasadelmenu.com.mx\/index.php\/wp-json\/wp\/v2\/pages\/2420","targetHints":{"allow":["GET"]}}],"collection":[{"href":"https:\/\/www.lacasadelmenu.com.mx\/index.php\/wp-json\/wp\/v2\/pages"}],"about":[{"href":"https:\/\/www.lacasadelmenu.com.mx\/index.php\/wp-json\/wp\/v2\/types\/page"}],"author":[{"embeddable":true,"href":"https:\/\/www.lacasadelmenu.com.mx\/index.php\/wp-json\/wp\/v2\/users\/1"}],"replies":[{"embeddable":true,"href":"https:\/\/www.lacasadelmenu.com.mx\/index.php\/wp-json\/wp\/v2\/comments?post=2420"}],"version-history":[{"count":21,"href":"https:\/\/www.lacasadelmenu.com.mx\/index.php\/wp-json\/wp\/v2\/pages\/2420\/revisions"}],"predecessor-version":[{"id":2606,"href":"https:\/\/www.lacasadelmenu.com.mx\/index.php\/wp-json\/wp\/v2\/pages\/2420\/revisions\/2606"}],"wp:attachment":[{"href":"https:\/\/www.lacasadelmenu.com.mx\/index.php\/wp-json\/wp\/v2\/media?parent=2420"}],"curies":[{"name":"wp","href":"https:\/\/api.w.org\/{rel}","templated":true}]}}